{"id":93,"date":"2013-02-10T12:15:51","date_gmt":"2013-02-10T12:15:51","guid":{"rendered":"http:\/\/liceodiocesano.ch\/www\/?page_id=93"},"modified":"2017-08-25T09:06:53","modified_gmt":"2017-08-25T09:06:53","slug":"il-liceo-diocesano-1994-oggi","status":"publish","type":"page","link":"https:\/\/liceodiocesano.ch\/www\/?page_id=93","title":{"rendered":"Il Liceo Diocesano (1994 &#8211; 2007)"},"content":{"rendered":"<p><strong>Il Liceo Diocesano oggi<\/strong><\/p>\n<table  class=\" table table-hover\" border=\"0\">\n<tbody>\n<tr>\n<td><a href=\"http:\/\/liceodiocesano.ch\/www\/wp-content\/uploads\/2013\/03\/liceooggi1.jpg\"><img loading=\"lazy\" decoding=\"async\" class=\"aligncenter size-medium wp-image-456\" src=\"http:\/\/liceodiocesano.ch\/www\/wp-content\/uploads\/2013\/03\/liceooggi1-300x194.jpg\" alt=\"liceooggi1\" width=\"300\" height=\"194\" srcset=\"https:\/\/liceodiocesano.ch\/www\/wp-content\/uploads\/2013\/03\/liceooggi1-300x194.jpg 300w, https:\/\/liceodiocesano.ch\/www\/wp-content\/uploads\/2013\/03\/liceooggi1.jpg 640w\" sizes=\"auto, (max-width: 300px) 100vw, 300px\" \/><\/a><\/td>\n<td><a href=\"http:\/\/liceodiocesano.ch\/www\/wp-content\/uploads\/2013\/03\/liceooggi2.jpg\"><img loading=\"lazy\" decoding=\"async\" class=\"aligncenter size-medium wp-image-457\" src=\"http:\/\/liceodiocesano.ch\/www\/wp-content\/uploads\/2013\/03\/liceooggi2-300x198.jpg\" alt=\"liceooggi2\" width=\"300\" height=\"198\" srcset=\"https:\/\/liceodiocesano.ch\/www\/wp-content\/uploads\/2013\/03\/liceooggi2-300x198.jpg 300w, https:\/\/liceodiocesano.ch\/www\/wp-content\/uploads\/2013\/03\/liceooggi2-120x80.jpg 120w, https:\/\/liceodiocesano.ch\/www\/wp-content\/uploads\/2013\/03\/liceooggi2.jpg 616w\" sizes=\"auto, (max-width: 300px) 100vw, 300px\" \/><\/a><\/td>\n<\/tr>\n<tr>\n<td><a href=\"http:\/\/liceodiocesano.ch\/www\/wp-content\/uploads\/2013\/03\/liceooggi3.jpg\"><img loading=\"lazy\" decoding=\"async\" class=\"aligncenter size-medium wp-image-458\" src=\"http:\/\/liceodiocesano.ch\/www\/wp-content\/uploads\/2013\/03\/liceooggi3-300x205.jpg\" alt=\"liceooggi3\" width=\"300\" height=\"205\" srcset=\"https:\/\/liceodiocesano.ch\/www\/wp-content\/uploads\/2013\/03\/liceooggi3-300x205.jpg 300w, https:\/\/liceodiocesano.ch\/www\/wp-content\/uploads\/2013\/03\/liceooggi3.jpg 648w\" sizes=\"auto, (max-width: 300px) 100vw, 300px\" \/><\/a><\/td>\n<td><a href=\"http:\/\/liceodiocesano.ch\/www\/wp-content\/uploads\/2013\/03\/liceooggi4.jpg\"><img loading=\"lazy\" decoding=\"async\" class=\"aligncenter size-medium wp-image-459\" src=\"http:\/\/liceodiocesano.ch\/www\/wp-content\/uploads\/2013\/03\/liceooggi4-300x202.jpg\" alt=\"liceooggi4\" width=\"300\" height=\"202\" srcset=\"https:\/\/liceodiocesano.ch\/www\/wp-content\/uploads\/2013\/03\/liceooggi4-300x202.jpg 300w, https:\/\/liceodiocesano.ch\/www\/wp-content\/uploads\/2013\/03\/liceooggi4-120x80.jpg 120w, https:\/\/liceodiocesano.ch\/www\/wp-content\/uploads\/2013\/03\/liceooggi4.jpg 627w\" sizes=\"auto, (max-width: 300px) 100vw, 300px\" \/><\/a><\/td>\n<\/tr>\n<\/tbody>\n<\/table>\n<blockquote><p><em>Il cristiano vive la libert\u00e0 (cfr. Gv. 8,31-32) e la serve proponendo continuamente, secondo la natura missionaria della sua vocazione, la verit\u00e0 che ha conosciuto. Nel dialogo con gli altri uomini egli, attento ad ogni frammento di verit\u00e0 che incontri nell\u2019esperienza della vita e nella cultura dei singoli e delle nazioni, non rinuncer\u00e0 ad affermare tutto ci\u00f2 che gli hanno fatto conoscere la sua fede e il corretto esercizio della ragione<\/em>.<\/p><\/blockquote>\n<p>(Tratto dall\u2019 enciclica \u201cCentesimus Annus\u201d di Giovanni Paolo II, 1991 , n. 46)<\/p>\n<table  class=\" table table-hover\" border=\"0\" width=\"660\">\n<tbody>\n<tr>\n<td><a href=\"http:\/\/liceodiocesano.ch\/www\/wp-content\/uploads\/2013\/03\/liceooggi5.jpg\"><img loading=\"lazy\" decoding=\"async\" class=\"aligncenter size-medium wp-image-460\" src=\"http:\/\/liceodiocesano.ch\/www\/wp-content\/uploads\/2013\/03\/liceooggi5-300x208.jpg\" alt=\"liceooggi5\" width=\"300\" height=\"208\" srcset=\"https:\/\/liceodiocesano.ch\/www\/wp-content\/uploads\/2013\/03\/liceooggi5-300x208.jpg 300w, https:\/\/liceodiocesano.ch\/www\/wp-content\/uploads\/2013\/03\/liceooggi5.jpg 627w\" sizes=\"auto, (max-width: 300px) 100vw, 300px\" \/><\/a><\/td>\n<td><a href=\"http:\/\/liceodiocesano.ch\/www\/wp-content\/uploads\/2013\/03\/liceooggi6.jpg\"><img loading=\"lazy\" decoding=\"async\" class=\"aligncenter size-medium wp-image-461\" src=\"http:\/\/liceodiocesano.ch\/www\/wp-content\/uploads\/2013\/03\/liceooggi6-300x199.jpg\" alt=\"liceooggi6\" width=\"300\" height=\"199\" srcset=\"https:\/\/liceodiocesano.ch\/www\/wp-content\/uploads\/2013\/03\/liceooggi6-300x199.jpg 300w, https:\/\/liceodiocesano.ch\/www\/wp-content\/uploads\/2013\/03\/liceooggi6-120x80.jpg 120w, https:\/\/liceodiocesano.ch\/www\/wp-content\/uploads\/2013\/03\/liceooggi6.jpg 664w\" sizes=\"auto, (max-width: 300px) 100vw, 300px\" \/><\/a><\/td>\n<\/tr>\n<tr>\n<td><\/td>\n<td><\/td>\n<\/tr>\n<\/tbody>\n<\/table>\n<blockquote><p><em>Un\u2019educazione vera ha bisogno di risvegliare il coraggio delle decisioni definitive, che oggi vengono considerate un vincolo che mortifica la nostra libert\u00e0, ma in realt\u00e0 sono indispensabili per crescere e raggiungere qualcosa di grande nella vita, in particolare per far maturare l\u2019amore in tutta la sua bellezza: quindi per dare consistenza e significato alla stessa libert\u00e0.<\/em><\/p><\/blockquote>\n<p>(Tratto dal discorso di Benedetto XVI a Verona in occasione del IV Convegno nazionale della Chiesa italiana, 19 ottobre 2006)<\/p>\n<p>[printfriendly]<\/p>\n","protected":false},"excerpt":{"rendered":"<p>Il Liceo Diocesano oggi Il cristiano vive la libert\u00e0 (cfr. Gv. 8,31-32) e la serve proponendo continuamente, secondo la natura missionaria della sua vocazione, la verit\u00e0 che ha conosciuto. Nel dialogo con gli altri uomini egli, attento ad ogni frammento di verit\u00e0 che incontri nell\u2019esperienza della vita e nella cultura dei singoli e delle nazioni, [&hellip;]<\/p>\n","protected":false},"author":1,"featured_media":456,"parent":109,"menu_order":26,"comment_status":"closed","ping_status":"open","template":"","meta":{"footnotes":""},"class_list":["post-93","page","type-page","status-publish","has-post-thumbnail","hentry"],"_links":{"self":[{"href":"https:\/\/liceodiocesano.ch\/www\/index.php?rest_route=\/wp\/v2\/pages\/93","targetHints":{"allow":["GET"]}}],"collection":[{"href":"https:\/\/liceodiocesano.ch\/www\/index.php?rest_route=\/wp\/v2\/pages"}],"about":[{"href":"https:\/\/liceodiocesano.ch\/www\/index.php?rest_route=\/wp\/v2\/types\/page"}],"author":[{"embeddable":true,"href":"https:\/\/liceodiocesano.ch\/www\/index.php?rest_route=\/wp\/v2\/users\/1"}],"replies":[{"embeddable":true,"href":"https:\/\/liceodiocesano.ch\/www\/index.php?rest_route=%2Fwp%2Fv2%2Fcomments&post=93"}],"version-history":[{"count":9,"href":"https:\/\/liceodiocesano.ch\/www\/index.php?rest_route=\/wp\/v2\/pages\/93\/revisions"}],"predecessor-version":[{"id":1480,"href":"https:\/\/liceodiocesano.ch\/www\/index.php?rest_route=\/wp\/v2\/pages\/93\/revisions\/1480"}],"up":[{"embeddable":true,"href":"https:\/\/liceodiocesano.ch\/www\/index.php?rest_route=\/wp\/v2\/pages\/109"}],"wp:featuredmedia":[{"embeddable":true,"href":"https:\/\/liceodiocesano.ch\/www\/index.php?rest_route=\/wp\/v2\/media\/456"}],"wp:attachment":[{"href":"https:\/\/liceodiocesano.ch\/www\/index.php?rest_route=%2Fwp%2Fv2%2Fmedia&parent=93"}],"curies":[{"name":"wp","href":"https:\/\/api.w.org\/{rel}","templated":true}]}}